{"id":10346,"date":"2019-12-19T12:41:31","date_gmt":"2019-12-19T11:41:31","guid":{"rendered":"https:\/\/nmarchitekci.pl\/pracownia\/"},"modified":"2025-12-11T08:52:45","modified_gmt":"2025-12-11T07:52:45","slug":"pracownia","status":"publish","type":"page","link":"https:\/\/nmarchitekci.pl\/en\/pracownia\/","title":{"rendered":"Studio"},"content":{"rendered":"<p>[vc_row css=&#8221;.vc_custom_1576762481812{padding-bottom: 50px !important;}&#8221;][vc_column width=&#8221;5\/12&#8243; offset=&#8221;vc_col-sm-offset-2&#8243;][vc_column_text]<span class=\"_5yl5\">&#8220;NM architects&#8221; studio design work consists of projects of broad variety in both type and scale, from small forms through interiors and architectural objects to urban designs such as land use and spatial planning. <\/span><\/p>\n<p><span class=\"_5yl5\">Our studio&#8217;s main area of activity is architectural design and urban planning competitions, with over 100 entries and numerous awards. <\/span><\/p>\n<p><span class=\"_5yl5\">We work with designers specialising in landscaping, graphic, stage, and brand design. <\/span><\/p>\n<p><span class=\"_5yl5\">Our studio approaches each project individually. We consider each project as a new story to tell. We pay careful attention to context. We believe that a functionally and aesthetically attractive space can only be created with a design that seamlessly blends into the existing landscape. Such architecture, like all good architecture, corresponds to the specific site that inspires it. Hence the name of the studio: &#8220;NM&#8221; stands for &#8220;na miejscu,&#8221; Polish for &#8220;on-site.&#8221;<\/span>[\/vc_column_text][\/vc_column][vc_column width=&#8221;5\/12&#8243;][\/vc_column][\/vc_row][vc_row][vc_column][vc_row_inner][vc_column_inner][vc_separator color=&#8221;black&#8221;][\/vc_column_inner][\/vc_row_inner][vc_row_inner css=&#8221;.vc_custom_1576762661685{padding-top: 50px !important;padding-bottom: 50px !important;}&#8221;][vc_column_inner width=&#8221;2\/12&#8243;][vc_column_text]<strong>Founders<\/strong>[\/vc_column_text][\/vc_column_inner][vc_column_inner width=&#8221;5\/12&#8243;][vc_column_text]Zuzanna Szpoci\u0144ska-Marciniewicz<\/p>\n<p><a href=\"mailto:szpocinska@nmarchitekci.pl\"><span style=\"text-decoration: underline;\">szpocinska@nmarchitekci.pl<\/span><\/a>[\/vc_column_text][\/vc_column_inner][\/vc_row_inner][vc_row_inner css=&#8221;.vc_custom_1576762647616{padding-bottom: 50px !important;}&#8221;][vc_column_inner width=&#8221;5\/12&#8243; offset=&#8221;vc_col-sm-offset-2&#8243;][vc_column_text]Tomasz Marciniewicz<\/p>\n<p><span style=\"text-decoration: underline;\"><a href=\"mailto:marciniewicz@nmarchitekci.pl\">marciniewicz@nmarchitekci.pl<\/a><\/span>[\/vc_column_text][\/vc_column_inner][\/vc_row_inner][\/vc_column][\/vc_row][vc_row][vc_column][vc_row_inner][vc_column_inner][vc_separator color=&#8221;black&#8221;][\/vc_column_inner][\/vc_row_inner][vc_row_inner css=&#8221;.vc_custom_1576762661685{padding-top: 50px !important;padding-bottom: 50px !important;}&#8221;][vc_column_inner width=&#8221;2\/12&#8243;][vc_column_text]<strong>Partners<\/strong>[\/vc_column_text][\/vc_column_inner][vc_column_inner width=&#8221;5\/12&#8243;][vc_column_text]Jerzy Grochulski<\/p>\n<p><a href=\"mailto:grochulski@nmarchitekci.pl\"><span style=\"text-decoration: underline;\">grochulski@nmarchitekci.pl<\/span><\/a>[\/vc_column_text][\/vc_column_inner][\/vc_row_inner][\/vc_column][\/vc_row][vc_row][vc_column][vc_row_inner][vc_column_inner][vc_separator color=&#8221;black&#8221;][\/vc_column_inner][\/vc_row_inner][vc_row_inner css=&#8221;.vc_custom_1576762661685{padding-top: 50px !important;padding-bottom: 50px !important;}&#8221;][vc_column_inner width=&#8221;2\/12&#8243;][vc_column_text]<strong>Team<\/strong>[\/vc_column_text][\/vc_column_inner][vc_column_inner width=&#8221;5\/12&#8243;][vc_column_text]Konrad Matulaniec<\/p>\n<p><a href=\"mailto:matulaniec@nmarchitekci.pl\"><span style=\"text-decoration: underline;\">matulaniec@nmarchitekci.pl<\/span><\/a>[\/vc_column_text][\/vc_column_inner][\/vc_row_inner][vc_row_inner css=&#8221;.vc_custom_1576762647616{padding-bottom: 50px !important;}&#8221;][vc_column_inner width=&#8221;5\/12&#8243; offset=&#8221;vc_col-sm-offset-2&#8243;][vc_column_text]Aleksandra Kreft<\/p>\n<p><a href=\"mailto:kreft@nmarchitekci.pl\"><span style=\"text-decoration: underline;\">kreft@nmarchitekci.pl<\/span><\/a>[\/vc_column_text][\/vc_column_inner][\/vc_row_inner][vc_row_inner css=&#8221;.vc_custom_1576762647616{padding-bottom: 50px !important;}&#8221;][vc_column_inner width=&#8221;5\/12&#8243; offset=&#8221;vc_col-sm-offset-2&#8243;][vc_column_text]Aleksandra Szpoci\u0144ska &#8211; graphic designer<\/p>\n<p><span style=\"text-decoration: underline;\"><a href=\"mailto:a.szpocinska@nmarchitekci.pl\">a.szpocinska@nmarchitekci.pl<\/a><\/span>[\/vc_column_text][\/vc_column_inner][\/vc_row_inner][\/vc_column][\/vc_row][vc_row][vc_column][vc_row_inner][vc_column_inner][vc_separator color=&#8221;black&#8221;][\/vc_column_inner][\/vc_row_inner][vc_row_inner css=&#8221;.vc_custom_1576762661685{padding-top: 50px !important;padding-bottom: 50px !important;}&#8221;][vc_column_inner width=&#8221;2\/12&#8243;][vc_column_text]<strong>Worked with us<br \/>\n<\/strong>[\/vc_column_text][\/vc_column_inner][vc_column_inner width=&#8221;5\/12&#8243;][vc_column_text]Anna Boruta<br \/>\nPawe\u0142 Wolanin<br \/>\nAleksandra Boniecka<br \/>\nMicha\u0142 Poziemski<br \/>\nKrzysztof Kamienobrodzki<br \/>\nNatalia Trochonowicz<br \/>\nKatarzyna Gromek<br \/>\nEwelina Czerwi\u0144ska<br \/>\nMaria Napieralska<br \/>\nAleksandra Kurkierewicz<br \/>\nKatarzyna Paw\u0142owska<br \/>\nAnna Przyby\u0142a<br \/>\nMichalina Zes\u0142awska<br \/>\nMicha\u0142 R\u00f3\u017cycki<br \/>\nZuzanna Zo\u0142a<br \/>\nMaciej Tomaszewski<br \/>\nZuzanna Nowakowska<br \/>\nNatalia Kulesza<br \/>\nAgata Kobus<br \/>\nKinga Garus-Nyderek[\/vc_column_text][\/vc_column_inner][vc_column_inner width=&#8221;5\/12&#8243;][\/vc_column_inner][\/vc_row_inner][\/vc_column][\/vc_row]<\/p>\n","protected":false},"excerpt":{"rendered":"<p>[vc_row css=&#8221;.vc_custom_1576762481812{padding-bottom: 50px !important;}&#8221;][vc_column width=&#8221;5\/12&#8243; offset=&#8221;vc_col-sm-offset-2&#8243;][vc_column_text]&#8220;NM architects&#8221; studio design work consists of projects of broad variety in both type and scale, from small forms through interiors and architectural objects to urban designs such as land use and spatial planning. Our studio&#8217;s main area of activity is architectural design and urban planning competitions, with over 100 entries and numerous awards. We work with designers specialising in landscaping, graphic, stage, and brand design. Our studio approaches each project individually. We consider each project as a new story to tell. We pay careful attention to context. We believe that a functionally and aesthetically attractive space can only be created with a design that seamlessly blends into the existing landscape. Such architecture, like all good architecture, corresponds to the specific site that inspires it. Hence the name of the studio: &#8220;NM&#8221; stands for &#8220;na miejscu,&#8221; Polish for &#8220;on-site.&#8221;[\/vc_column_text][\/vc_column][vc_column width=&#8221;5\/12&#8243;][\/vc_column][\/vc_row][vc_row][vc_column][vc_row_inner][vc_column_inner][vc_separator color=&#8221;black&#8221;][\/vc_column_inner][\/vc_row_inner][vc_row_inner css=&#8221;.vc_custom_1576762661685{padding-top: 50px !important;padding-bottom: 50px !important;}&#8221;][vc_column_inner width=&#8221;2\/12&#8243;][vc_column_text]Founders[\/vc_column_text][\/vc_column_inner][vc_column_inner width=&#8221;5\/12&#8243;][vc_column_text]Zuzanna Szpoci\u0144ska-Marciniewicz szpocinska@nmarchitekci.pl[\/vc_column_text][\/vc_column_inner][\/vc_row_inner][vc_row_inner css=&#8221;.vc_custom_1576762647616{padding-bottom: 50px !important;}&#8221;][vc_column_inner width=&#8221;5\/12&#8243; offset=&#8221;vc_col-sm-offset-2&#8243;][vc_column_text]Tomasz Marciniewicz marciniewicz@nmarchitekci.pl[\/vc_column_text][\/vc_column_inner][\/vc_row_inner][\/vc_column][\/vc_row][vc_row][vc_column][vc_row_inner][vc_column_inner][vc_separator color=&#8221;black&#8221;][\/vc_column_inner][\/vc_row_inner][vc_row_inner css=&#8221;.vc_custom_1576762661685{padding-top: 50px !important;padding-bottom: 50px !important;}&#8221;][vc_column_inner width=&#8221;2\/12&#8243;][vc_column_text]Partners[\/vc_column_text][\/vc_column_inner][vc_column_inner width=&#8221;5\/12&#8243;][vc_column_text]Jerzy Grochulski grochulski@nmarchitekci.pl[\/vc_column_text][\/vc_column_inner][\/vc_row_inner][\/vc_column][\/vc_row][vc_row][vc_column][vc_row_inner][vc_column_inner][vc_separator color=&#8221;black&#8221;][\/vc_column_inner][\/vc_row_inner][vc_row_inner css=&#8221;.vc_custom_1576762661685{padding-top: 50px !important;padding-bottom: 50px !important;}&#8221;][vc_column_inner width=&#8221;2\/12&#8243;][vc_column_text]Team[\/vc_column_text][\/vc_column_inner][vc_column_inner width=&#8221;5\/12&#8243;][vc_column_text]Konrad Matulaniec matulaniec@nmarchitekci.pl[\/vc_column_text][\/vc_column_inner][\/vc_row_inner][vc_row_inner css=&#8221;.vc_custom_1576762647616{padding-bottom: 50px !important;}&#8221;][vc_column_inner width=&#8221;5\/12&#8243; offset=&#8221;vc_col-sm-offset-2&#8243;][vc_column_text]Aleksandra Kreft kreft@nmarchitekci.pl[\/vc_column_text][\/vc_column_inner][\/vc_row_inner][vc_row_inner css=&#8221;.vc_custom_1576762647616{padding-bottom: 50px !important;}&#8221;][vc_column_inner width=&#8221;5\/12&#8243; offset=&#8221;vc_col-sm-offset-2&#8243;][vc_column_text]Aleksandra Szpoci\u0144ska &#8211; graphic designer a.szpocinska@nmarchitekci.pl[\/vc_column_text][\/vc_column_inner][\/vc_row_inner][\/vc_column][\/vc_row][vc_row][vc_column][vc_row_inner][vc_column_inner][vc_separator color=&#8221;black&#8221;][\/vc_column_inner][\/vc_row_inner][vc_row_inner css=&#8221;.vc_custom_1576762661685{padding-top: 50px !important;padding-bottom: 50px !important;}&#8221;][vc_column_inner width=&#8221;2\/12&#8243;][vc_column_text]Worked with us [\/vc_column_text][\/vc_column_inner][vc_column_inner width=&#8221;5\/12&#8243;][vc_column_text]Anna Boruta Pawe\u0142 Wolanin Aleksandra Boniecka Micha\u0142 Poziemski Krzysztof Kamienobrodzki Natalia Trochonowicz Katarzyna Gromek Ewelina Czerwi\u0144ska Maria Napieralska Aleksandra Kurkierewicz Katarzyna Paw\u0142owska Anna Przyby\u0142a Michalina Zes\u0142awska Micha\u0142 R\u00f3\u017cycki Zuzanna Zo\u0142a Maciej Tomaszewski Zuzanna Nowakowska Natalia Kulesza Agata Kobus Kinga Garus-Nyderek[\/vc_column_text][\/vc_column_inner][vc_column_inner width=&#8221;5\/12&#8243;][\/vc_column_inner][\/vc_row_inner][\/vc_column][\/vc_row]<\/p>\n","protected":false},"author":1,"featured_media":0,"parent":0,"menu_order":0,"comment_status":"closed","ping_status":"closed","template":"","meta":{"footnotes":""},"class_list":["post-10346","page","type-page","status-publish","hentry"],"_links":{"self":[{"href":"https:\/\/nmarchitekci.pl\/en\/wp-json\/wp\/v2\/pages\/10346","targetHints":{"allow":["GET"]}}],"collection":[{"href":"https:\/\/nmarchitekci.pl\/en\/wp-json\/wp\/v2\/pages"}],"about":[{"href":"https:\/\/nmarchitekci.pl\/en\/wp-json\/wp\/v2\/types\/page"}],"author":[{"embeddable":true,"href":"https:\/\/nmarchitekci.pl\/en\/wp-json\/wp\/v2\/users\/1"}],"replies":[{"embeddable":true,"href":"https:\/\/nmarchitekci.pl\/en\/wp-json\/wp\/v2\/comments?post=10346"}],"version-history":[{"count":21,"href":"https:\/\/nmarchitekci.pl\/en\/wp-json\/wp\/v2\/pages\/10346\/revisions"}],"predecessor-version":[{"id":13656,"href":"https:\/\/nmarchitekci.pl\/en\/wp-json\/wp\/v2\/pages\/10346\/revisions\/13656"}],"wp:attachment":[{"href":"https:\/\/nmarchitekci.pl\/en\/wp-json\/wp\/v2\/media?parent=10346"}],"curies":[{"name":"wp","href":"https:\/\/api.w.org\/{rel}","templated":true}]}}